{"id":613,"date":"2021-01-29T19:58:29","date_gmt":"2021-01-29T19:58:29","guid":{"rendered":"http:\/\/votepa.io\/info\/"},"modified":"2023-10-16T22:39:55","modified_gmt":"2023-10-17T02:39:55","slug":"info","status":"publish","type":"page","link":"https:\/\/vote.pa\/es\/info\/","title":{"rendered":"Votar en Pensilvania"},"content":{"rendered":"\n<p><strong>Fechas importantes:<\/strong><\/p>\n\n\n\n<figure class=\"wp-block-table is-style-stripes\"><table><tbody><tr><td><strong><span>4 de mayo de 2026<\/span><\/strong><\/td><td>\u00daltimo d\u00eda para registrarse para votar<\/td><\/tr><tr><td><strong><strong><strong><span>12 de mayo de 2026<\/span><\/strong><\/strong><\/strong><\/td><td>Fecha l\u00edmite para solicitar una boleta para votar por correo o en ausencia<\/td><\/tr><tr><td><strong><strong><span>4 de mayo de 2026<\/span><\/strong><\/strong><\/td><td>\u00daltimo d\u00eda sugerido para solicitar su boleta para votar por correo<\/td><\/tr><tr><td><strong><strong><span>19 de mayo de 2026<\/span><\/strong><\/strong><\/td><td>Fecha l\u00edmite para enviar su boleta para votar por correo: su condado debe recibirla a m\u00e1s tardar a las 8 p. m.<\/td><\/tr><tr><td><strong><strong><span>19 de mayo de 2026<\/span><\/strong><\/strong><\/td><td>D\u00eda de la elecci\u00f3n<\/td><\/tr><\/tbody><\/table><\/figure>\n\n\n\n<p><\/p>\n\n\n\n<div class=\"wp-block-buttons is-layout-flex wp-block-buttons-is-layout-flex\">\n<div class=\"wp-block-button is-style-outline is-style-outline--1\"><a class=\"wp-block-button__link wp-element-button\" href=\"https:\/\/vote.pa\/info\/register\/\">M\u00e1s informaci\u00f3n sobre c\u00f3mo registrarse para votar<\/a><\/div>\n\n\n\n<div class=\"wp-block-button is-style-outline is-style-outline--2\"><a class=\"wp-block-button__link wp-element-button\" href=\"https:\/\/vote.pa\/info\/mail\/\">M\u00e1s informaci\u00f3n sobre c\u00f3mo votar por correo<\/a><\/div>\n\n\n\n<div class=\"wp-block-button is-style-outline is-style-outline--3\"><a class=\"wp-block-button__link wp-element-button\" href=\"https:\/\/vote.pa\/info\/early\/\">M\u00e1s informaci\u00f3n sobre c\u00f3mo votar anticipadamente<\/a><\/div>\n\n\n\n<div class=\"wp-block-button is-style-outline is-style-outline--4\"><a class=\"wp-block-button__link wp-element-button\" href=\"https:\/\/vote.pa\/info\/electionday\/\">M\u00e1s informaci\u00f3n sobre el d\u00eda de la elecci\u00f3n<\/a><\/div>\n<\/div>\n\n\n\n<p><\/p>\n","protected":false},"excerpt":{"rendered":"<p>Fechas importantes: \u00daltimo d\u00eda para registrarse para votar Fecha l\u00edmite para solicitar una boleta para votar por correo o en ausencia \u00daltimo d\u00eda sugerido para solicitar su boleta para votar por correo Fecha l\u00edmite para enviar su boleta para votar por correo: su condado debe recibirla a m\u00e1s tardar a las 8 p. m. D\u00eda [&hellip;]<\/p>\n","protected":false},"author":45,"featured_media":0,"parent":0,"menu_order":0,"comment_status":"closed","ping_status":"closed","template":"page-templates\/page_info.php","meta":{"inline_featured_image":false,"footnotes":""},"class_list":["post-613","page","type-page","status-publish","hentry"],"yoast_head":"<!-- This site is optimized with the Yoast SEO plugin v27.3 - https:\/\/yoast.com\/product\/yoast-seo-wordpress\/ -->\n<title>Fechas l\u00edmite para la votaci\u00f3n en Pennsylvania - VOTE.pa<\/title>\n<meta name=\"description\" content=\"Obtenga informaci\u00f3n sobre la votaci\u00f3n en Pennsylvania, incluyendo las fechas l\u00edmites para registrarse como votante y para votar por correo.\" \/>\n<meta name=\"robots\" content=\"index, follow, max-snippet:-1, max-image-preview:large, max-video-preview:-1\" \/>\n<link rel=\"canonical\" href=\"https:\/\/vote.pa\/es\/info\/\" \/>\n<meta property=\"og:locale\" content=\"es_ES\" \/>\n<meta property=\"og:type\" content=\"article\" \/>\n<meta property=\"og:title\" content=\"Fechas l\u00edmite para la votaci\u00f3n en Pennsylvania - VOTE.pa\" \/>\n<meta property=\"og:description\" content=\"Obtenga informaci\u00f3n sobre la votaci\u00f3n en Pennsylvania, incluyendo las fechas l\u00edmites para registrarse como votante y para votar por correo.\" \/>\n<meta property=\"og:url\" content=\"https:\/\/vote.pa\/es\/info\/\" \/>\n<meta property=\"og:site_name\" content=\"VOTE.pa\" \/>\n<meta property=\"article:modified_time\" content=\"2023-10-17T02:39:55+00:00\" \/>\n<meta property=\"og:image\" content=\"https:\/\/vote.pa\/wp-content\/uploads\/2023\/09\/How-to-vote-pa-graphic.png\" \/>\n\t<meta property=\"og:image:width\" content=\"1200\" \/>\n\t<meta property=\"og:image:height\" content=\"630\" \/>\n\t<meta property=\"og:image:type\" content=\"image\/png\" \/>\n<meta name=\"twitter:card\" content=\"summary_large_image\" \/>\n<meta name=\"twitter:label1\" content=\"Tiempo de lectura\" \/>\n\t<meta name=\"twitter:data1\" content=\"1 minuto\" \/>\n<script type=\"application\/ld+json\" class=\"yoast-schema-graph\">{\"@context\":\"https:\\\/\\\/schema.org\",\"@graph\":[{\"@type\":\"WebPage\",\"@id\":\"https:\\\/\\\/vote.pa\\\/es\\\/info\\\/\",\"url\":\"https:\\\/\\\/vote.pa\\\/es\\\/info\\\/\",\"name\":\"Fechas l\u00edmite para la votaci\u00f3n en Pennsylvania - VOTE.pa\",\"isPartOf\":{\"@id\":\"https:\\\/\\\/vote.pa\\\/es\\\/#website\"},\"datePublished\":\"2021-01-29T19:58:29+00:00\",\"dateModified\":\"2023-10-17T02:39:55+00:00\",\"description\":\"Obtenga informaci\u00f3n sobre la votaci\u00f3n en Pennsylvania, incluyendo las fechas l\u00edmites para registrarse como votante y para votar por correo.\",\"breadcrumb\":{\"@id\":\"https:\\\/\\\/vote.pa\\\/es\\\/info\\\/#breadcrumb\"},\"inLanguage\":\"es\",\"potentialAction\":[{\"@type\":\"ReadAction\",\"target\":[\"https:\\\/\\\/vote.pa\\\/es\\\/info\\\/\"]}]},{\"@type\":\"BreadcrumbList\",\"@id\":\"https:\\\/\\\/vote.pa\\\/es\\\/info\\\/#breadcrumb\",\"itemListElement\":[{\"@type\":\"ListItem\",\"position\":1,\"name\":\"Home\",\"item\":\"https:\\\/\\\/vote.pa\\\/es\\\/\"},{\"@type\":\"ListItem\",\"position\":2,\"name\":\"Votar en Pensilvania\"}]},{\"@type\":\"WebSite\",\"@id\":\"https:\\\/\\\/vote.pa\\\/es\\\/#website\",\"url\":\"https:\\\/\\\/vote.pa\\\/es\\\/\",\"name\":\"VOTE.pa\",\"description\":\"Our vote is our power.\",\"publisher\":{\"@id\":\"https:\\\/\\\/vote.pa\\\/es\\\/#organization\"},\"potentialAction\":[{\"@type\":\"SearchAction\",\"target\":{\"@type\":\"EntryPoint\",\"urlTemplate\":\"https:\\\/\\\/vote.pa\\\/es\\\/?s={search_term_string}\"},\"query-input\":{\"@type\":\"PropertyValueSpecification\",\"valueRequired\":true,\"valueName\":\"search_term_string\"}}],\"inLanguage\":\"es\"},{\"@type\":\"Organization\",\"@id\":\"https:\\\/\\\/vote.pa\\\/es\\\/#organization\",\"name\":\"VOTE.pa\",\"url\":\"https:\\\/\\\/vote.pa\\\/es\\\/\",\"logo\":{\"@type\":\"ImageObject\",\"inLanguage\":\"es\",\"@id\":\"https:\\\/\\\/vote.pa\\\/es\\\/#\\\/schema\\\/logo\\\/image\\\/\",\"url\":\"https:\\\/\\\/vote.pa\\\/wp-content\\\/uploads\\\/2025\\\/03\\\/cropped-logo-1.png\",\"contentUrl\":\"https:\\\/\\\/vote.pa\\\/wp-content\\\/uploads\\\/2025\\\/03\\\/cropped-logo-1.png\",\"width\":246,\"height\":100,\"caption\":\"VOTE.pa\"},\"image\":{\"@id\":\"https:\\\/\\\/vote.pa\\\/es\\\/#\\\/schema\\\/logo\\\/image\\\/\"}}]}<\/script>\n<!-- \/ Yoast SEO plugin. -->","yoast_head_json":{"title":"Fechas l\u00edmite para la votaci\u00f3n en Pennsylvania - VOTE.pa","description":"Obtenga informaci\u00f3n sobre la votaci\u00f3n en Pennsylvania, incluyendo las fechas l\u00edmites para registrarse como votante y para votar por correo.","robots":{"index":"index","follow":"follow","max-snippet":"max-snippet:-1","max-image-preview":"max-image-preview:large","max-video-preview":"max-video-preview:-1"},"canonical":"https:\/\/vote.pa\/es\/info\/","og_locale":"es_ES","og_type":"article","og_title":"Fechas l\u00edmite para la votaci\u00f3n en Pennsylvania - VOTE.pa","og_description":"Obtenga informaci\u00f3n sobre la votaci\u00f3n en Pennsylvania, incluyendo las fechas l\u00edmites para registrarse como votante y para votar por correo.","og_url":"https:\/\/vote.pa\/es\/info\/","og_site_name":"VOTE.pa","article_modified_time":"2023-10-17T02:39:55+00:00","og_image":[{"width":1200,"height":630,"url":"https:\/\/vote.pa\/wp-content\/uploads\/2023\/09\/How-to-vote-pa-graphic.png","type":"image\/png"}],"twitter_card":"summary_large_image","twitter_misc":{"Tiempo de lectura":"1 minuto"},"schema":{"@context":"https:\/\/schema.org","@graph":[{"@type":"WebPage","@id":"https:\/\/vote.pa\/es\/info\/","url":"https:\/\/vote.pa\/es\/info\/","name":"Fechas l\u00edmite para la votaci\u00f3n en Pennsylvania - VOTE.pa","isPartOf":{"@id":"https:\/\/vote.pa\/es\/#website"},"datePublished":"2021-01-29T19:58:29+00:00","dateModified":"2023-10-17T02:39:55+00:00","description":"Obtenga informaci\u00f3n sobre la votaci\u00f3n en Pennsylvania, incluyendo las fechas l\u00edmites para registrarse como votante y para votar por correo.","breadcrumb":{"@id":"https:\/\/vote.pa\/es\/info\/#breadcrumb"},"inLanguage":"es","potentialAction":[{"@type":"ReadAction","target":["https:\/\/vote.pa\/es\/info\/"]}]},{"@type":"BreadcrumbList","@id":"https:\/\/vote.pa\/es\/info\/#breadcrumb","itemListElement":[{"@type":"ListItem","position":1,"name":"Home","item":"https:\/\/vote.pa\/es\/"},{"@type":"ListItem","position":2,"name":"Votar en Pensilvania"}]},{"@type":"WebSite","@id":"https:\/\/vote.pa\/es\/#website","url":"https:\/\/vote.pa\/es\/","name":"VOTE.pa","description":"Our vote is our power.","publisher":{"@id":"https:\/\/vote.pa\/es\/#organization"},"potentialAction":[{"@type":"SearchAction","target":{"@type":"EntryPoint","urlTemplate":"https:\/\/vote.pa\/es\/?s={search_term_string}"},"query-input":{"@type":"PropertyValueSpecification","valueRequired":true,"valueName":"search_term_string"}}],"inLanguage":"es"},{"@type":"Organization","@id":"https:\/\/vote.pa\/es\/#organization","name":"VOTE.pa","url":"https:\/\/vote.pa\/es\/","logo":{"@type":"ImageObject","inLanguage":"es","@id":"https:\/\/vote.pa\/es\/#\/schema\/logo\/image\/","url":"https:\/\/vote.pa\/wp-content\/uploads\/2025\/03\/cropped-logo-1.png","contentUrl":"https:\/\/vote.pa\/wp-content\/uploads\/2025\/03\/cropped-logo-1.png","width":246,"height":100,"caption":"VOTE.pa"},"image":{"@id":"https:\/\/vote.pa\/es\/#\/schema\/logo\/image\/"}}]}},"_links":{"self":[{"href":"https:\/\/vote.pa\/es\/wp-json\/wp\/v2\/pages\/613","targetHints":{"allow":["GET"]}}],"collection":[{"href":"https:\/\/vote.pa\/es\/wp-json\/wp\/v2\/pages"}],"about":[{"href":"https:\/\/vote.pa\/es\/wp-json\/wp\/v2\/types\/page"}],"author":[{"embeddable":true,"href":"https:\/\/vote.pa\/es\/wp-json\/wp\/v2\/users\/45"}],"replies":[{"embeddable":true,"href":"https:\/\/vote.pa\/es\/wp-json\/wp\/v2\/comments?post=613"}],"version-history":[{"count":0,"href":"https:\/\/vote.pa\/es\/wp-json\/wp\/v2\/pages\/613\/revisions"}],"wp:attachment":[{"href":"https:\/\/vote.pa\/es\/wp-json\/wp\/v2\/media?parent=613"}],"curies":[{"name":"wp","href":"https:\/\/api.w.org\/{rel}","templated":true}]}}