{"id":630,"date":"2021-04-07T09:48:35","date_gmt":"2021-04-07T15:48:35","guid":{"rendered":"http:\/\/votepa.io\/?page_id=630"},"modified":"2024-07-12T00:11:13","modified_gmt":"2024-07-12T04:11:13","slug":"como-registrarse-para-votar","status":"publish","type":"page","link":"https:\/\/vote.pa\/es\/info\/como-registrarse-para-votar\/","title":{"rendered":"C\u00f3mo registrarse para votar"},"content":{"rendered":"\n<h2 class=\"wp-block-heading\">\u00bfQui\u00e9n puede registrarse para votar?<\/h2>\n\n\n\n<p>Todos los ciudadanos de Pennsylvania pueden registrarse para votar, si:<\/p>\n\n\n\n<ul class=\"wp-block-list\">\n<li>Son ciudadanos estadounidenses desde al menos 30 d\u00edas antes de la pr\u00f3xima elecci\u00f3n.<\/li>\n\n\n\n<li>Son residentes de Pennsylvania y de su distrito electoral desde al menos 30 d\u00edas antes de la pr\u00f3xima elecci\u00f3n.<\/li>\n\n\n\n<li>Tienen al menos 18 a\u00f1os de edad en la fecha de la pr\u00f3xima elecci\u00f3n.<\/li>\n<\/ul>\n\n\n\n<h2 class=\"wp-block-heading\">\u00bfCu\u00e1l es la fecha l\u00edmite para registrarse?<\/h2>\n\n\n\n<p>La fecha l\u00edmite para registrarse para votar en la elecci\u00f3n general es <span>4 de mayo de 2026<\/span>.<\/p>\n\n\n\n<p>Revise el estado de su <a href=\"https:\/\/vote.pa\/check\/#0\">registro como votante para la pr\u00f3xima elecci\u00f3n<\/a>.<\/p>\n\n\n\n<h2 class=\"wp-block-heading\">\u00bfC\u00f3mo me registro en l\u00ednea?<\/h2>\n\n\n\n<p>Puede registrarse en s\u00f3lo tres simples pasos:<\/p>\n\n\n\n<ul class=\"wp-block-list\">\n<li>Complete <a href=\"https:\/\/vote.pa\/register\/\">este formulario<\/a> en su tel\u00e9fono inteligente, tableta o computadora.<\/li>\n\n\n\n<li>La oficina electoral de su condado revisar\u00e1 su solicitud.<\/li>\n\n\n\n<li>Cuando su registro est\u00e9 completo, recibir\u00e1 su certificado de registro como votante por correo.<\/li>\n<\/ul>\n\n\n\n<p><em>Consejo:<\/em> Antes de comenzar, aseg\u00farese de tener a mano su tarjeta de identificaci\u00f3n del Departamento de Transporte de Pennsylvania o su licencia de conducir de Pennsylvania. Si no cuenta con ninguna de las dos, puede subir su firma o escribir su nombre y firmar el formulario.<\/p>\n\n\n\n<p>Si no recibe su certificado de registro como votante dentro de los 14 d\u00edas, comun\u00edquese con la oficina de registro de votantes de su condado.<\/p>\n\n\n\n<h2 class=\"wp-block-heading\">\u00bfHay otras maneras de registrarse para votar?<\/h2>\n\n\n\n<p>\u00a1S\u00cd! Usted puede:<\/p>\n\n\n\n<ul class=\"wp-block-list\">\n<li>Enviar por correo su <a href=\"https:\/\/www.vote.pa.gov\/Resources\/Documents\/Voter_Registration_Application_English.pdf\">solicitud para registrarse como votante<\/a> a la oficina de registro de votantes de su condado. <a href=\"https:\/\/www.vote.pa.gov\/Resources\/Pages\/Contact-Your-Election-Officials.aspx\">Encuentre la oficina local de su condado aqu\u00ed<\/a>. <em>Nota: <\/em>para votar en la elecci\u00f3n general, su solicitud debe recibirse a m\u00e1s tardar el <span>4 de mayo de 2026<\/span>.<\/li>\n\n\n\n<li>Registrarse presencialmente en la oficina de registro de votantes de su condado o en una oficina cercana del Departamento de Transporte de Pennsylvania.<\/li>\n<\/ul>\n\n\n\n<h2 class=\"wp-block-heading\">\u00bfQu\u00e9 sucede si me mud\u00e9 recientemente?<\/h2>\n\n\n\n<p>\u00a1No hay problema! Puede actualizar la direcci\u00f3n que figura en los registros del Departamento de Estado de Pennsylvania completando el <a href=\"https:\/\/vote.pa\/register\/\">formulario de registro como votante<\/a> y seleccionando \u201cchange of address\u201d (\u201ccambio de direcci\u00f3n\u201d). Es importante que mantenga actualizada su direcci\u00f3n para asegurarse de poder recibir su boleta y emitir su voto. Tambi\u00e9n puede utilizar el formulario del estado si modific\u00f3 su nombre legal o si desea cambiar de partido pol\u00edtico.<\/p>\n\n\n\n<div class=\"wp-block-buttons is-layout-flex wp-block-buttons-is-layout-flex\">\n<div class=\"wp-block-button is-style-fill\"><a class=\"wp-block-button__link wp-element-button\" href=\"https:\/\/vote.pa\/es\/register\/#0\">Registrarse para votar &gt;&gt;&gt;<\/a><\/div>\n<\/div>\n","protected":false},"excerpt":{"rendered":"<p>\u00bfQui\u00e9n puede registrarse para votar? Todos los ciudadanos de Pennsylvania pueden registrarse para votar, si: \u00bfCu\u00e1l es la fecha l\u00edmite para registrarse? La fecha l\u00edmite para registrarse para votar en la elecci\u00f3n general es . Revise el estado de su registro como votante para la pr\u00f3xima elecci\u00f3n. \u00bfC\u00f3mo me registro en l\u00ednea? Puede registrarse en [&hellip;]<\/p>\n","protected":false},"author":45,"featured_media":0,"parent":613,"menu_order":0,"comment_status":"closed","ping_status":"closed","template":"page-templates\/page_info.php","meta":{"inline_featured_image":false,"footnotes":""},"class_list":["post-630","page","type-page","status-publish","hentry"],"yoast_head":"<!-- This site is optimized with the Yoast SEO plugin v27.3 - https:\/\/yoast.com\/product\/yoast-seo-wordpress\/ -->\n<title>Registrarse para votar in Pennsylvania - VOTE.pa<\/title>\n<meta name=\"description\" content=\"Obtenga informaci\u00f3n sobre qui\u00e9n puede registrarse para votar, las fechas l\u00edmite y m\u00e1s datos sobre el registro como votante para Pennsylvania.\" \/>\n<meta name=\"robots\" content=\"index, follow, max-snippet:-1, max-image-preview:large, max-video-preview:-1\" \/>\n<link rel=\"canonical\" href=\"https:\/\/vote.pa\/es\/info\/como-registrarse-para-votar\/\" \/>\n<meta property=\"og:locale\" content=\"es_ES\" \/>\n<meta property=\"og:type\" content=\"article\" \/>\n<meta property=\"og:title\" content=\"Registrarse para votar in Pennsylvania - VOTE.pa\" \/>\n<meta property=\"og:description\" content=\"Obtenga informaci\u00f3n sobre qui\u00e9n puede registrarse para votar, las fechas l\u00edmite y m\u00e1s datos sobre el registro como votante para Pennsylvania.\" \/>\n<meta property=\"og:url\" content=\"https:\/\/vote.pa\/es\/info\/como-registrarse-para-votar\/\" \/>\n<meta property=\"og:site_name\" content=\"VOTE.pa\" \/>\n<meta property=\"article:modified_time\" content=\"2024-07-12T04:11:13+00:00\" \/>\n<meta property=\"og:image\" content=\"https:\/\/vote.pa\/wp-content\/uploads\/2023\/09\/How-to-vote-pa-graphic.png\" \/>\n\t<meta property=\"og:image:width\" content=\"1200\" \/>\n\t<meta property=\"og:image:height\" content=\"630\" \/>\n\t<meta property=\"og:image:type\" content=\"image\/png\" \/>\n<meta name=\"twitter:card\" content=\"summary_large_image\" \/>\n<meta name=\"twitter:label1\" content=\"Tiempo de lectura\" \/>\n\t<meta name=\"twitter:data1\" content=\"2 minutos\" \/>\n<script type=\"application\/ld+json\" class=\"yoast-schema-graph\">{\"@context\":\"https:\\\/\\\/schema.org\",\"@graph\":[{\"@type\":\"WebPage\",\"@id\":\"https:\\\/\\\/vote.pa\\\/es\\\/info\\\/como-registrarse-para-votar\\\/\",\"url\":\"https:\\\/\\\/vote.pa\\\/es\\\/info\\\/como-registrarse-para-votar\\\/\",\"name\":\"Registrarse para votar in Pennsylvania - VOTE.pa\",\"isPartOf\":{\"@id\":\"https:\\\/\\\/vote.pa\\\/es\\\/#website\"},\"datePublished\":\"2021-04-07T15:48:35+00:00\",\"dateModified\":\"2024-07-12T04:11:13+00:00\",\"description\":\"Obtenga informaci\u00f3n sobre qui\u00e9n puede registrarse para votar, las fechas l\u00edmite y m\u00e1s datos sobre el registro como votante para Pennsylvania.\",\"breadcrumb\":{\"@id\":\"https:\\\/\\\/vote.pa\\\/es\\\/info\\\/como-registrarse-para-votar\\\/#breadcrumb\"},\"inLanguage\":\"es\",\"potentialAction\":[{\"@type\":\"ReadAction\",\"target\":[\"https:\\\/\\\/vote.pa\\\/es\\\/info\\\/como-registrarse-para-votar\\\/\"]}]},{\"@type\":\"BreadcrumbList\",\"@id\":\"https:\\\/\\\/vote.pa\\\/es\\\/info\\\/como-registrarse-para-votar\\\/#breadcrumb\",\"itemListElement\":[{\"@type\":\"ListItem\",\"position\":1,\"name\":\"Home\",\"item\":\"https:\\\/\\\/vote.pa\\\/es\\\/\"},{\"@type\":\"ListItem\",\"position\":2,\"name\":\"Votar en Pensilvania\",\"item\":\"https:\\\/\\\/vote.pa\\\/es\\\/info\\\/\"},{\"@type\":\"ListItem\",\"position\":3,\"name\":\"C\u00f3mo registrarse para votar\"}]},{\"@type\":\"WebSite\",\"@id\":\"https:\\\/\\\/vote.pa\\\/es\\\/#website\",\"url\":\"https:\\\/\\\/vote.pa\\\/es\\\/\",\"name\":\"VOTE.pa\",\"description\":\"Our vote is our power.\",\"publisher\":{\"@id\":\"https:\\\/\\\/vote.pa\\\/es\\\/#organization\"},\"potentialAction\":[{\"@type\":\"SearchAction\",\"target\":{\"@type\":\"EntryPoint\",\"urlTemplate\":\"https:\\\/\\\/vote.pa\\\/es\\\/?s={search_term_string}\"},\"query-input\":{\"@type\":\"PropertyValueSpecification\",\"valueRequired\":true,\"valueName\":\"search_term_string\"}}],\"inLanguage\":\"es\"},{\"@type\":\"Organization\",\"@id\":\"https:\\\/\\\/vote.pa\\\/es\\\/#organization\",\"name\":\"VOTE.pa\",\"url\":\"https:\\\/\\\/vote.pa\\\/es\\\/\",\"logo\":{\"@type\":\"ImageObject\",\"inLanguage\":\"es\",\"@id\":\"https:\\\/\\\/vote.pa\\\/es\\\/#\\\/schema\\\/logo\\\/image\\\/\",\"url\":\"https:\\\/\\\/vote.pa\\\/wp-content\\\/uploads\\\/2025\\\/03\\\/cropped-logo-1.png\",\"contentUrl\":\"https:\\\/\\\/vote.pa\\\/wp-content\\\/uploads\\\/2025\\\/03\\\/cropped-logo-1.png\",\"width\":246,\"height\":100,\"caption\":\"VOTE.pa\"},\"image\":{\"@id\":\"https:\\\/\\\/vote.pa\\\/es\\\/#\\\/schema\\\/logo\\\/image\\\/\"}}]}<\/script>\n<!-- \/ Yoast SEO plugin. -->","yoast_head_json":{"title":"Registrarse para votar in Pennsylvania - VOTE.pa","description":"Obtenga informaci\u00f3n sobre qui\u00e9n puede registrarse para votar, las fechas l\u00edmite y m\u00e1s datos sobre el registro como votante para Pennsylvania.","robots":{"index":"index","follow":"follow","max-snippet":"max-snippet:-1","max-image-preview":"max-image-preview:large","max-video-preview":"max-video-preview:-1"},"canonical":"https:\/\/vote.pa\/es\/info\/como-registrarse-para-votar\/","og_locale":"es_ES","og_type":"article","og_title":"Registrarse para votar in Pennsylvania - VOTE.pa","og_description":"Obtenga informaci\u00f3n sobre qui\u00e9n puede registrarse para votar, las fechas l\u00edmite y m\u00e1s datos sobre el registro como votante para Pennsylvania.","og_url":"https:\/\/vote.pa\/es\/info\/como-registrarse-para-votar\/","og_site_name":"VOTE.pa","article_modified_time":"2024-07-12T04:11:13+00:00","og_image":[{"width":1200,"height":630,"url":"https:\/\/vote.pa\/wp-content\/uploads\/2023\/09\/How-to-vote-pa-graphic.png","type":"image\/png"}],"twitter_card":"summary_large_image","twitter_misc":{"Tiempo de lectura":"2 minutos"},"schema":{"@context":"https:\/\/schema.org","@graph":[{"@type":"WebPage","@id":"https:\/\/vote.pa\/es\/info\/como-registrarse-para-votar\/","url":"https:\/\/vote.pa\/es\/info\/como-registrarse-para-votar\/","name":"Registrarse para votar in Pennsylvania - VOTE.pa","isPartOf":{"@id":"https:\/\/vote.pa\/es\/#website"},"datePublished":"2021-04-07T15:48:35+00:00","dateModified":"2024-07-12T04:11:13+00:00","description":"Obtenga informaci\u00f3n sobre qui\u00e9n puede registrarse para votar, las fechas l\u00edmite y m\u00e1s datos sobre el registro como votante para Pennsylvania.","breadcrumb":{"@id":"https:\/\/vote.pa\/es\/info\/como-registrarse-para-votar\/#breadcrumb"},"inLanguage":"es","potentialAction":[{"@type":"ReadAction","target":["https:\/\/vote.pa\/es\/info\/como-registrarse-para-votar\/"]}]},{"@type":"BreadcrumbList","@id":"https:\/\/vote.pa\/es\/info\/como-registrarse-para-votar\/#breadcrumb","itemListElement":[{"@type":"ListItem","position":1,"name":"Home","item":"https:\/\/vote.pa\/es\/"},{"@type":"ListItem","position":2,"name":"Votar en Pensilvania","item":"https:\/\/vote.pa\/es\/info\/"},{"@type":"ListItem","position":3,"name":"C\u00f3mo registrarse para votar"}]},{"@type":"WebSite","@id":"https:\/\/vote.pa\/es\/#website","url":"https:\/\/vote.pa\/es\/","name":"VOTE.pa","description":"Our vote is our power.","publisher":{"@id":"https:\/\/vote.pa\/es\/#organization"},"potentialAction":[{"@type":"SearchAction","target":{"@type":"EntryPoint","urlTemplate":"https:\/\/vote.pa\/es\/?s={search_term_string}"},"query-input":{"@type":"PropertyValueSpecification","valueRequired":true,"valueName":"search_term_string"}}],"inLanguage":"es"},{"@type":"Organization","@id":"https:\/\/vote.pa\/es\/#organization","name":"VOTE.pa","url":"https:\/\/vote.pa\/es\/","logo":{"@type":"ImageObject","inLanguage":"es","@id":"https:\/\/vote.pa\/es\/#\/schema\/logo\/image\/","url":"https:\/\/vote.pa\/wp-content\/uploads\/2025\/03\/cropped-logo-1.png","contentUrl":"https:\/\/vote.pa\/wp-content\/uploads\/2025\/03\/cropped-logo-1.png","width":246,"height":100,"caption":"VOTE.pa"},"image":{"@id":"https:\/\/vote.pa\/es\/#\/schema\/logo\/image\/"}}]}},"_links":{"self":[{"href":"https:\/\/vote.pa\/es\/wp-json\/wp\/v2\/pages\/630","targetHints":{"allow":["GET"]}}],"collection":[{"href":"https:\/\/vote.pa\/es\/wp-json\/wp\/v2\/pages"}],"about":[{"href":"https:\/\/vote.pa\/es\/wp-json\/wp\/v2\/types\/page"}],"author":[{"embeddable":true,"href":"https:\/\/vote.pa\/es\/wp-json\/wp\/v2\/users\/45"}],"replies":[{"embeddable":true,"href":"https:\/\/vote.pa\/es\/wp-json\/wp\/v2\/comments?post=630"}],"version-history":[{"count":0,"href":"https:\/\/vote.pa\/es\/wp-json\/wp\/v2\/pages\/630\/revisions"}],"up":[{"embeddable":true,"href":"https:\/\/vote.pa\/es\/wp-json\/wp\/v2\/pages\/613"}],"wp:attachment":[{"href":"https:\/\/vote.pa\/es\/wp-json\/wp\/v2\/media?parent=630"}],"curies":[{"name":"wp","href":"https:\/\/api.w.org\/{rel}","templated":true}]}}