{"id":654,"date":"2021-02-23T20:07:36","date_gmt":"2021-02-23T20:07:36","guid":{"rendered":"http:\/\/votepa.io\/info\/electionday\/"},"modified":"2024-07-12T00:20:00","modified_gmt":"2024-07-12T04:20:00","slug":"electionday","status":"publish","type":"page","link":"https:\/\/vote.pa\/es\/info\/electionday\/","title":{"rendered":"Voto presencial el d\u00eda de la elecci\u00f3n"},"content":{"rendered":"\n<h2 class=\"wp-block-heading\">\u00bfC\u00f3mo s\u00e9 cu\u00e1l es mi lugar de votaci\u00f3n?<\/h2>\n\n\n\n<p>Use esta herramienta para <a href=\"http:\/\/vote.pa\/polls\">encontrar su lugar de votaci\u00f3n<\/a>.<\/p>\n\n\n\n<h2 class=\"wp-block-heading\">\u00bfCu\u00e1ndo se abren los lugares de votaci\u00f3n el d\u00eda de la elecci\u00f3n?<\/h2>\n\n\n\n<p>Los lugares de votaci\u00f3n abren de 7:00 a. m. a 8:00 p. m. <em>Recordatorio:<\/em> Si est\u00e1 en la fila cuando cierra la votaci\u00f3n, qu\u00e9dese en la fila, ya que todav\u00eda tiene derecho a votar.<\/p>\n\n\n\n<h2 class=\"wp-block-heading\">\u00bfNecesito alguna identificaci\u00f3n para votar?<\/h2>\n\n\n\n<p>Si ya vot\u00f3 antes en ese lugar de votaci\u00f3n, no necesita llevar una identificaci\u00f3n para votar. Si est\u00e1 votando por primera vez en su distrito electoral, deber\u00e1 mostrar una identificaci\u00f3n. Las identificaciones aceptadas incluyen identificaciones con o sin foto.<\/p>\n\n\n\n<p>Lista de identificaciones aceptadas:<\/p>\n\n\n\n<ul class=\"wp-block-list\">\n<li>Licencia de conducir<\/li>\n\n\n\n<li>Pasaporte estadounidense<\/li>\n\n\n\n<li>Identificaci\u00f3n de militar, estudiante o empleado<\/li>\n\n\n\n<li>Certificado de registro como votante<\/li>\n\n\n\n<li>Permiso para armas de fuego<\/li>\n\n\n\n<li>Factura de un servicio p\u00fablico, estado de cuenta bancaria, cheque de sueldo o cheque del gobierno actuales<\/li>\n\n\n\n<li>Cualquier identificaci\u00f3n emitida por el gobierno estatal o federal<\/li>\n<\/ul>\n\n\n\n<p>Nota: si la identificaci\u00f3n no tiene foto, debe tener su direcci\u00f3n actual.<\/p>\n\n\n\n<h2 class=\"wp-block-heading\">\u00bfQu\u00e9 sucede si me inscrib\u00ed para votar por correo pero ahora quiero votar en el lugar de votaci\u00f3n?<\/h2>\n\n\n\n<p>\u00a1No hay problema! Tiene dos opciones, seg\u00fan tenga o no la boleta para votar por correo:<\/p>\n\n\n\n<h3 class=\"wp-block-heading\">Opci\u00f3n 1: Si tiene su boleta para votar por correo&#8230;<\/h3>\n\n\n\n<p>Lleve al lugar de votaci\u00f3n su boleta para votar por correo y el sobre de respuesta externo con la direcci\u00f3n preimpresa para que los anulen. Despu\u00e9s de entregar la boleta y el sobre y firmar una declaraci\u00f3n, puede votar con una boleta com\u00fan.<\/p>\n\n\n\n<h3 class=\"wp-block-heading\">Opci\u00f3n 2: Si no tiene su boleta para votar por correo&#8230;<\/h3>\n\n\n\n<p>Si no entrega la boleta y el sobre, s\u00f3lo puede votar con una boleta provisional en su lugar de votaci\u00f3n. La boleta provisional se contar\u00e1 despu\u00e9s de que la junta electoral del condado verifique que usted no vot\u00f3 por correo.<\/p>\n\n\n\n<h2 class=\"wp-block-heading\">\u00bfQu\u00e9 sucede si mi nombre no est\u00e1 en el padr\u00f3n electoral?<\/h2>\n\n\n\n<p>Los funcionarios locales de su lugar de votaci\u00f3n deber\u00edan llamar a la junta electoral del condado para determinar si usted est\u00e1 registrado. Si se confirma que est\u00e1 registrado, podr\u00e1 votar. Si el condado no puede encontrar su nombre, pero usted cree que est\u00e1 registrado y se lo omiti\u00f3 en el padr\u00f3n electoral, puede <a href=\"https:\/\/www.vote.pa.gov\/Voting-in-PA\/Pages\/Voting-by-Provisional-Ballot.aspx\">votar usando una boleta provisional<\/a>.<\/p>\n\n\n\n<h2 class=\"wp-block-heading\">\u00bfQu\u00e9 es una boleta provisional?<\/h2>\n\n\n\n<p>Una boleta provisional es una boleta en papel que se le entrega a los votantes cuyos nombres no aparecen en el registro en el lugar de votaci\u00f3n. Si usted vota por primera vez y no exhibe una identificaci\u00f3n en el lugar de votaci\u00f3n el d\u00eda de la elecci\u00f3n, se le <a href=\"https:\/\/www.vote.pa.gov\/Voting-in-PA\/Pages\/Voting-by-Provisional-Ballot.aspx\">ofrecer\u00e1 votar con una boleta provisional<\/a>.<\/p>\n\n\n\n<h2 class=\"wp-block-heading\">\u00bfPuede alguien ayudarme en el lugar de votaci\u00f3n?<\/h2>\n\n\n\n<p>Usted tiene derecho a recibir asistencia si no puede leer o escribir, si no puede leer los nombres de las boletas, si tiene dificultad para entender el ingl\u00e9s o si es ciego, discapacitado o no puede operar la m\u00e1quina de votaci\u00f3n.<\/p>\n\n\n\n<h2 class=\"wp-block-heading\">\u00bfY si tengo necesidades y mi lugar de votaci\u00f3n no es accesible?<\/h2>\n\n\n\n<p>Si es mayor de 65 a\u00f1os o tiene una discapacidad y su lugar de votaci\u00f3n no es accesible, puede votar con una boleta alternativa por correo. <a href=\"https:\/\/www.vote.pa.gov\/Voting-in-PA\/Pages\/Alternative-Ballot.aspx\">Obtenga m\u00e1s informaci\u00f3n sobre boletas alternativas.<\/a><\/p>\n","protected":false},"excerpt":{"rendered":"<p>\u00bfC\u00f3mo s\u00e9 cu\u00e1l es mi lugar de votaci\u00f3n? Use esta herramienta para encontrar su lugar de votaci\u00f3n. \u00bfCu\u00e1ndo se abren los lugares de votaci\u00f3n el d\u00eda de la elecci\u00f3n? Los lugares de votaci\u00f3n abren de 7:00 a. m. a 8:00 p. m. Recordatorio: Si est\u00e1 en la fila cuando cierra la votaci\u00f3n, qu\u00e9dese en la [&hellip;]<\/p>\n","protected":false},"author":45,"featured_media":0,"parent":613,"menu_order":0,"comment_status":"closed","ping_status":"closed","template":"page-templates\/page_info.php","meta":{"inline_featured_image":false,"footnotes":""},"class_list":["post-654","page","type-page","status-publish","hentry"],"yoast_head":"<!-- This site is optimized with the Yoast SEO plugin v27.4 - https:\/\/yoast.com\/product\/yoast-seo-wordpress\/ -->\n<title>Votar en persona el d\u00eda de la elecci\u00f3n en Pennsylvania - VOTE.pa<\/title>\n<meta name=\"description\" content=\"Encontrar informaci\u00f3n sobre el lugar de votaci\u00f3n en persona el d\u00eda de la elecci\u00f3n en Pennsylvania.\" \/>\n<meta name=\"robots\" content=\"index, follow, max-snippet:-1, max-image-preview:large, max-video-preview:-1\" \/>\n<link rel=\"canonical\" href=\"https:\/\/vote.pa\/es\/info\/electionday\/\" \/>\n<meta property=\"og:locale\" content=\"es_ES\" \/>\n<meta property=\"og:type\" content=\"article\" \/>\n<meta property=\"og:title\" content=\"Votar en persona el d\u00eda de la elecci\u00f3n en Pennsylvania - VOTE.pa\" \/>\n<meta property=\"og:description\" content=\"Encontrar informaci\u00f3n sobre el lugar de votaci\u00f3n en persona el d\u00eda de la elecci\u00f3n en Pennsylvania.\" \/>\n<meta property=\"og:url\" content=\"https:\/\/vote.pa\/es\/info\/electionday\/\" \/>\n<meta property=\"og:site_name\" content=\"VOTE.pa\" \/>\n<meta property=\"article:modified_time\" content=\"2024-07-12T04:20:00+00:00\" \/>\n<meta property=\"og:image\" content=\"https:\/\/vote.pa\/wp-content\/uploads\/2023\/09\/How-to-vote-pa-graphic.png\" \/>\n\t<meta property=\"og:image:width\" content=\"1200\" \/>\n\t<meta property=\"og:image:height\" content=\"630\" \/>\n\t<meta property=\"og:image:type\" content=\"image\/png\" \/>\n<meta name=\"twitter:card\" content=\"summary_large_image\" \/>\n<meta name=\"twitter:label1\" content=\"Tiempo de lectura\" \/>\n\t<meta name=\"twitter:data1\" content=\"3 minutos\" \/>\n<script type=\"application\/ld+json\" class=\"yoast-schema-graph\">{\"@context\":\"https:\\\/\\\/schema.org\",\"@graph\":[{\"@type\":\"WebPage\",\"@id\":\"https:\\\/\\\/vote.pa\\\/es\\\/info\\\/electionday\\\/\",\"url\":\"https:\\\/\\\/vote.pa\\\/es\\\/info\\\/electionday\\\/\",\"name\":\"Votar en persona el d\u00eda de la elecci\u00f3n en Pennsylvania - VOTE.pa\",\"isPartOf\":{\"@id\":\"https:\\\/\\\/vote.pa\\\/es\\\/#website\"},\"datePublished\":\"2021-02-23T20:07:36+00:00\",\"dateModified\":\"2024-07-12T04:20:00+00:00\",\"description\":\"Encontrar informaci\u00f3n sobre el lugar de votaci\u00f3n en persona el d\u00eda de la elecci\u00f3n en Pennsylvania.\",\"breadcrumb\":{\"@id\":\"https:\\\/\\\/vote.pa\\\/es\\\/info\\\/electionday\\\/#breadcrumb\"},\"inLanguage\":\"es\",\"potentialAction\":[{\"@type\":\"ReadAction\",\"target\":[\"https:\\\/\\\/vote.pa\\\/es\\\/info\\\/electionday\\\/\"]}]},{\"@type\":\"BreadcrumbList\",\"@id\":\"https:\\\/\\\/vote.pa\\\/es\\\/info\\\/electionday\\\/#breadcrumb\",\"itemListElement\":[{\"@type\":\"ListItem\",\"position\":1,\"name\":\"Home\",\"item\":\"https:\\\/\\\/vote.pa\\\/es\\\/\"},{\"@type\":\"ListItem\",\"position\":2,\"name\":\"Votar en Pensilvania\",\"item\":\"https:\\\/\\\/vote.pa\\\/es\\\/info\\\/\"},{\"@type\":\"ListItem\",\"position\":3,\"name\":\"Voto presencial el d\u00eda de la elecci\u00f3n\"}]},{\"@type\":\"WebSite\",\"@id\":\"https:\\\/\\\/vote.pa\\\/es\\\/#website\",\"url\":\"https:\\\/\\\/vote.pa\\\/es\\\/\",\"name\":\"VOTE.pa\",\"description\":\"Our vote is our power.\",\"publisher\":{\"@id\":\"https:\\\/\\\/vote.pa\\\/es\\\/#organization\"},\"potentialAction\":[{\"@type\":\"SearchAction\",\"target\":{\"@type\":\"EntryPoint\",\"urlTemplate\":\"https:\\\/\\\/vote.pa\\\/es\\\/?s={search_term_string}\"},\"query-input\":{\"@type\":\"PropertyValueSpecification\",\"valueRequired\":true,\"valueName\":\"search_term_string\"}}],\"inLanguage\":\"es\"},{\"@type\":\"Organization\",\"@id\":\"https:\\\/\\\/vote.pa\\\/es\\\/#organization\",\"name\":\"VOTE.pa\",\"url\":\"https:\\\/\\\/vote.pa\\\/es\\\/\",\"logo\":{\"@type\":\"ImageObject\",\"inLanguage\":\"es\",\"@id\":\"https:\\\/\\\/vote.pa\\\/es\\\/#\\\/schema\\\/logo\\\/image\\\/\",\"url\":\"https:\\\/\\\/vote.pa\\\/wp-content\\\/uploads\\\/2025\\\/03\\\/cropped-logo-1.png\",\"contentUrl\":\"https:\\\/\\\/vote.pa\\\/wp-content\\\/uploads\\\/2025\\\/03\\\/cropped-logo-1.png\",\"width\":246,\"height\":100,\"caption\":\"VOTE.pa\"},\"image\":{\"@id\":\"https:\\\/\\\/vote.pa\\\/es\\\/#\\\/schema\\\/logo\\\/image\\\/\"}}]}<\/script>\n<!-- \/ Yoast SEO plugin. -->","yoast_head_json":{"title":"Votar en persona el d\u00eda de la elecci\u00f3n en Pennsylvania - VOTE.pa","description":"Encontrar informaci\u00f3n sobre el lugar de votaci\u00f3n en persona el d\u00eda de la elecci\u00f3n en Pennsylvania.","robots":{"index":"index","follow":"follow","max-snippet":"max-snippet:-1","max-image-preview":"max-image-preview:large","max-video-preview":"max-video-preview:-1"},"canonical":"https:\/\/vote.pa\/es\/info\/electionday\/","og_locale":"es_ES","og_type":"article","og_title":"Votar en persona el d\u00eda de la elecci\u00f3n en Pennsylvania - VOTE.pa","og_description":"Encontrar informaci\u00f3n sobre el lugar de votaci\u00f3n en persona el d\u00eda de la elecci\u00f3n en Pennsylvania.","og_url":"https:\/\/vote.pa\/es\/info\/electionday\/","og_site_name":"VOTE.pa","article_modified_time":"2024-07-12T04:20:00+00:00","og_image":[{"width":1200,"height":630,"url":"https:\/\/vote.pa\/wp-content\/uploads\/2023\/09\/How-to-vote-pa-graphic.png","type":"image\/png"}],"twitter_card":"summary_large_image","twitter_misc":{"Tiempo de lectura":"3 minutos"},"schema":{"@context":"https:\/\/schema.org","@graph":[{"@type":"WebPage","@id":"https:\/\/vote.pa\/es\/info\/electionday\/","url":"https:\/\/vote.pa\/es\/info\/electionday\/","name":"Votar en persona el d\u00eda de la elecci\u00f3n en Pennsylvania - VOTE.pa","isPartOf":{"@id":"https:\/\/vote.pa\/es\/#website"},"datePublished":"2021-02-23T20:07:36+00:00","dateModified":"2024-07-12T04:20:00+00:00","description":"Encontrar informaci\u00f3n sobre el lugar de votaci\u00f3n en persona el d\u00eda de la elecci\u00f3n en Pennsylvania.","breadcrumb":{"@id":"https:\/\/vote.pa\/es\/info\/electionday\/#breadcrumb"},"inLanguage":"es","potentialAction":[{"@type":"ReadAction","target":["https:\/\/vote.pa\/es\/info\/electionday\/"]}]},{"@type":"BreadcrumbList","@id":"https:\/\/vote.pa\/es\/info\/electionday\/#breadcrumb","itemListElement":[{"@type":"ListItem","position":1,"name":"Home","item":"https:\/\/vote.pa\/es\/"},{"@type":"ListItem","position":2,"name":"Votar en Pensilvania","item":"https:\/\/vote.pa\/es\/info\/"},{"@type":"ListItem","position":3,"name":"Voto presencial el d\u00eda de la elecci\u00f3n"}]},{"@type":"WebSite","@id":"https:\/\/vote.pa\/es\/#website","url":"https:\/\/vote.pa\/es\/","name":"VOTE.pa","description":"Our vote is our power.","publisher":{"@id":"https:\/\/vote.pa\/es\/#organization"},"potentialAction":[{"@type":"SearchAction","target":{"@type":"EntryPoint","urlTemplate":"https:\/\/vote.pa\/es\/?s={search_term_string}"},"query-input":{"@type":"PropertyValueSpecification","valueRequired":true,"valueName":"search_term_string"}}],"inLanguage":"es"},{"@type":"Organization","@id":"https:\/\/vote.pa\/es\/#organization","name":"VOTE.pa","url":"https:\/\/vote.pa\/es\/","logo":{"@type":"ImageObject","inLanguage":"es","@id":"https:\/\/vote.pa\/es\/#\/schema\/logo\/image\/","url":"https:\/\/vote.pa\/wp-content\/uploads\/2025\/03\/cropped-logo-1.png","contentUrl":"https:\/\/vote.pa\/wp-content\/uploads\/2025\/03\/cropped-logo-1.png","width":246,"height":100,"caption":"VOTE.pa"},"image":{"@id":"https:\/\/vote.pa\/es\/#\/schema\/logo\/image\/"}}]}},"_links":{"self":[{"href":"https:\/\/vote.pa\/es\/wp-json\/wp\/v2\/pages\/654","targetHints":{"allow":["GET"]}}],"collection":[{"href":"https:\/\/vote.pa\/es\/wp-json\/wp\/v2\/pages"}],"about":[{"href":"https:\/\/vote.pa\/es\/wp-json\/wp\/v2\/types\/page"}],"author":[{"embeddable":true,"href":"https:\/\/vote.pa\/es\/wp-json\/wp\/v2\/users\/45"}],"replies":[{"embeddable":true,"href":"https:\/\/vote.pa\/es\/wp-json\/wp\/v2\/comments?post=654"}],"version-history":[{"count":0,"href":"https:\/\/vote.pa\/es\/wp-json\/wp\/v2\/pages\/654\/revisions"}],"up":[{"embeddable":true,"href":"https:\/\/vote.pa\/es\/wp-json\/wp\/v2\/pages\/613"}],"wp:attachment":[{"href":"https:\/\/vote.pa\/es\/wp-json\/wp\/v2\/media?parent=654"}],"curies":[{"name":"wp","href":"https:\/\/api.w.org\/{rel}","templated":true}]}}